{"id":2536,"date":"2026-01-23T18:48:10","date_gmt":"2026-01-23T18:48:10","guid":{"rendered":"https:\/\/praxisneurological.com\/?page_id=2536"},"modified":"2026-01-27T19:51:11","modified_gmt":"2026-01-27T19:51:11","slug":"bienvenido-welcome","status":"publish","type":"page","link":"https:\/\/praxisneurological.com\/en\/","title":{"rendered":"Bienvenido \/ Welcome"},"content":{"rendered":"<!DOCTYPE html>\n<html lang=\"es\">\n<head>\n    <meta charset=\"UTF-8\">\n    <meta name=\"viewport\" content=\"width=device-width, initial-scale=1.0, maximum-scale=1.0, user-scalable=no\">\n    <meta name=\"description\" content=\"Simulaci\u00f3n quir\u00fargica hiperrealista. Modelos anat\u00f3micos de cr\u00e1neo y columna para entrenamiento m\u00e9dico avanzado y talleres especializados. Precisi\u00f3n 1:1.\">\n    <title>Select Region | Praxis Neurological<\/title>\n    \n    <!-- OPTIMIZACI\u00d3N DE CARGA (Preload Critical Assets) -->\n    <!-- 1. Preconectar al CDN de banderas para ganar tiempo -->\n    <link rel=\"preconnect\" href=\"https:\/\/flagcdn.com\">\n    <!-- 2. Preconectar al servidor de im\u00e1genes principal -->\n    <link rel=\"preconnect\" href=\"https:\/\/praxisneurological.com\">\n    \n    <!-- 3. Precargar las im\u00e1genes espec\u00edficas para que aparezcan al instante -->\n    <link rel=\"preload\" as=\"image\" href=\"https:\/\/praxisneurological.com\/wp-content\/uploads\/2024\/08\/PRAXIS-NEUROLOGICAL-logo-blanco-2048x1012.png\">\n    <link rel=\"preload\" as=\"image\" href=\"https:\/\/flagcdn.com\/w80\/mx.png\">\n    <link rel=\"preload\" as=\"image\" href=\"https:\/\/flagcdn.com\/w80\/us.png\">\n    <link rel=\"preload\" as=\"image\" href=\"https:\/\/flagcdn.com\/w80\/kr.png\">\n    <link rel=\"preload\" as=\"image\" href=\"https:\/\/flagcdn.com\/w80\/jp.png\">\n    <link rel=\"preload\" as=\"image\" href=\"https:\/\/flagcdn.com\/w80\/hk.png\">\n\n    <!-- Fuentes -->\n    <link href=\"https:\/\/fonts.googleapis.com\/css2?family=Poppins:wght@300;400;500;600;700&#038;display=swap\" rel=\"stylesheet\">\n    \n    <style>\n        \/* --- RESET Y ESTRUCTURA BASE --- *\/\n        * { box-sizing: border-box; }\n        \n        body { margin: 0; padding: 0; }\n\n        #praxis-splash-root {\n            position: fixed;\n            top: 0;\n            left: 0;\n            width: 100%;\n            height: 100%; \/* Usar % es m\u00e1s seguro en m\u00f3viles viejos *\/\n            height: 100dvh; \/* Dynamic viewport height para m\u00f3viles modernos *\/\n            background-color: #ffffff;\n            z-index: 999999;\n            font-family: 'Poppins', -apple-system, BlinkMacSystemFont, \"Segoe UI\", Roboto, Arial, sans-serif;\n            display: flex;\n            flex-direction: column; \/* M\u00f3vil: Columna *\/\n            overflow: hidden; \n        }\n\n        \/* En escritorio cambia a Fila *\/\n        @media (min-width: 768px) {\n            #praxis-splash-root {\n                flex-direction: row;\n            }\n        }\n\n        \/* --- LADO SUPERIOR (BRANDING) --- *\/\n        .splash-left {\n            \/* M\u00d3VIL: Ocupa menos espacio para priorizar los botones *\/\n            flex: 0 0 30%; \n            min-height: 180px; \/* Asegura que no desaparezca en horizontal *\/\n            background-color: #0f2a44;\n            position: relative;\n            display: flex;\n            align-items: center;\n            justify-content: center;\n            overflow: hidden;\n            padding: 1.5rem;\n            box-shadow: 0 4px 20px rgba(0,0,0,0.1);\n            z-index: 2; \/* Sombra sobre el contenido blanco *\/\n        }\n\n        @media (min-width: 768px) {\n            .splash-left {\n                flex: 0 0 50%; \/* Escritorio: Mitad *\/\n                height: 100%;\n                box-shadow: none;\n            }\n        }\n\n        \/* Fondos *\/\n        .bg-grid {\n            position: absolute; inset: 0;\n            background-image: radial-gradient(rgba(255, 255, 255, 0.1) 1px, transparent 1px);\n            background-size: 30px 30px; opacity: 0.2;\n        }\n        .glow-blob { position: absolute; border-radius: 50%; filter: blur(60px); }\n        .blob-1 { top: -20%; left: -20%; width: 150px; height: 150px; background: rgba(14, 165, 233, 0.3); }\n        .blob-2 { bottom: -20%; right: -20%; width: 200px; height: 200px; background: rgba(6, 182, 212, 0.2); }\n\n        .brand-content { position: relative; z-index: 10; text-align: center; width: 100%; }\n        \n        .brand-logo {\n            height: 45px; \/* M\u00e1s peque\u00f1o en m\u00f3vil *\/\n            width: auto;\n            margin: 0 auto 1rem auto;\n            opacity: 0.95;\n            display: block;\n            \/* Optimizaci\u00f3n de renderizado de imagen *\/\n            transform: translateZ(0); \n        }\n        \n        .brand-tagline {\n            color: rgba(224, 242, 254, 0.7);\n            font-size: 0.65rem;\n            letter-spacing: 0.25em;\n            text-transform: uppercase;\n            font-weight: 300;\n        }\n\n        @media (min-width: 768px) {\n            .brand-logo { height: 90px; margin-bottom: 2rem; }\n            .brand-tagline { font-size: 0.85rem; }\n            .blob-1 { width: 300px; height: 300px; filter: blur(100px); }\n        }\n\n        \/* --- LADO INFERIOR (SELECTOR) --- *\/\n        .splash-right {\n            \/* M\u00d3VIL: Ocupa el resto del espacio *\/\n            flex: 1;\n            background-color: #ffffff;\n            position: relative;\n            overflow-y: auto; \/* Scroll si no cabe *\/\n            -webkit-overflow-scrolling: touch; \/* Scroll suave en iOS *\/\n            padding: 1.5rem;\n            display: flex;\n            flex-direction: column;\n            \/* En m\u00f3vil alinea arriba para que el scroll funcione natural *\/\n            justify-content: flex-start; \n        }\n\n        @media (min-width: 768px) {\n            .splash-right {\n                height: 100%;\n                justify-content: center; \/* Centrado vertical en escritorio *\/\n                padding: 4rem;\n            }\n        }\n\n        .content-wrapper {\n            width: 100%;\n            max-width: 480px;\n            margin: 0 auto;\n            \/* Un poco de margen arriba en m\u00f3vil para separar del header *\/\n            padding-top: 1rem; \n        }\n        @media (min-width: 768px) { .content-wrapper { padding-top: 0; } }\n\n        \/* Textos *\/\n        .header-text { margin-bottom: 1.5rem; text-align: center; }\n        @media (min-width: 768px) { .header-text { text-align: left; margin-bottom: 2.5rem; } }\n\n        .welcome-label { \n            color: #0ea5e9; font-weight: 700; letter-spacing: 0.1em; \n            text-transform: uppercase; font-size: 0.7rem; display: block; margin-bottom: 0.25rem; \n        }\n        .main-title { \n            font-size: 1.5rem; color: #0f2a44; font-weight: 700; margin: 0; line-height: 1.2; \n        }\n        .sub-title { color: #64748b; font-size: 0.85rem; margin-top: 0.5rem; }\n\n        @media (min-width: 768px) {\n            .main-title { font-size: 2.25rem; }\n            .sub-title { font-size: 1rem; }\n        }\n\n        \/* Tarjetas *\/\n        .lang-list { display: flex; flex-direction: column; gap: 0.75rem; }\n\n        .lang-card {\n            display: flex; align-items: center; justify-content: space-between;\n            padding: 0.85rem 1rem;\n            border: 1px solid #e2e8f0; border-radius: 12px;\n            cursor: pointer; text-decoration: none;\n            background-color: #fff;\n            transition: transform 0.2s, border-color 0.2s, background-color 0.2s;\n            \/* Animaci\u00f3n de entrada optimizada (tiempos m\u00e1s cortos) *\/\n            animation: slideInUp 0.4s ease-out forwards;\n            opacity: 0; transform: translateY(10px);\n            \/* Hardware acceleration hint *\/\n            will-change: transform, opacity;\n        }\n\n        .lang-card:active { transform: scale(0.98); background-color: #f8fafc; } \/* Feedback t\u00e1ctil *\/\n        \n        @media (hover: hover) {\n            .lang-card:hover {\n                transform: translateX(5px);\n                border-color: #0ea5e9;\n                background: linear-gradient(to right, #f8fafc, #ffffff);\n                box-shadow: 0 4px 12px rgba(0,0,0,0.05);\n            }\n        }\n\n        \/* Banderas *\/\n        .flag-wrapper {\n            width: 2.5rem; height: 2.5rem;\n            border-radius: 50%;\n            background-color: #f1f5f9;\n            border: 1px solid #e2e8f0;\n            display: flex; align-items: center; justify-content: center;\n            overflow: hidden; flex-shrink: 0; margin-right: 1rem;\n        }\n        .flag-img { width: 100%; height: 100%; object-fit: cover; }\n\n        \/* Textos de Tarjeta *\/\n        .card-info { display: flex; align-items: center; }\n        .card-text h3 { color: #0f2a44; font-weight: 600; font-size: 0.95rem; margin: 0; }\n        .card-text p { color: #64748b; font-size: 0.7rem; text-transform: uppercase; margin: 0; margin-top: 2px;}\n\n        \/* Icono Flecha *\/\n        .arrow-icon { width: 1.25rem; height: 1.25rem; color: #cbd5e1; }\n\n        \/* Footer *\/\n        .footer-copy {\n            margin-top: 2rem; text-align: center;\n            font-size: 0.7rem; color: #94a3b8;\n            padding-bottom: 2rem; \/* Espacio extra para scroll en m\u00f3vil *\/\n        }\n        @media (min-width: 768px) { .footer-copy { text-align: left; margin-top: 3rem; } }\n\n        \/* Keyframes *\/\n        @keyframes slideInUp {\n            to { opacity: 1; transform: translateY(0); }\n        }\n    <\/style>\n<\/head>\n<body>\n\n    <div id=\"praxis-splash-root\">\n        \n        <!-- Lado Superior (M\u00f3vil) \/ Izquierdo (Desktop) -->\n        <div class=\"splash-left\">\n            <div class=\"bg-grid\"><\/div>\n            <div class=\"glow-blob blob-1\"><\/div>\n            <div class=\"glow-blob blob-2\"><\/div>\n            \n            <div class=\"brand-content\">\n                <img decoding=\"async\" src=\"https:\/\/praxisneurological.com\/wp-content\/uploads\/2024\/08\/PRAXIS-NEUROLOGICAL-logo-blanco-2048x1012.png\" alt=\"Praxis Logo\" class=\"brand-logo\">\n                <p class=\"brand-tagline\">ADVANCED SURGICAL SIMULATION<\/p>\n            <\/div>\n        <\/div>\n\n        <!-- Lado Inferior (M\u00f3vil) \/ Derecho (Desktop) -->\n        <div class=\"splash-right\">\n            <div class=\"content-wrapper\">\n                \n                <div class=\"header-text\">\n                    <span class=\"welcome-label\">Bienvenido \/ Welcome<\/span>\n                    <h1 class=\"main-title\">Select your Region<\/h1>\n                    <p class=\"sub-title\">Choose your preferred language.<\/p>\n                <\/div>\n\n                <div class=\"lang-list\">\n                    \n                    <!-- 1. M\u00e9xico (Animaci\u00f3n casi inmediata: 0.05s) -->\n                    <a href=\"https:\/\/praxisneurological.com\/en\/inicio-es\/\" class=\"lang-card\" style=\"animation-delay: 0.05s;\">\n                        <div class=\"card-info\">\n                            <div class=\"flag-wrapper\">\n                                <img decoding=\"async\" src=\"https:\/\/flagcdn.com\/w80\/mx.png\" alt=\"MX\" class=\"flag-img\" loading=\"eager\">\n                            <\/div>\n                            <div class=\"card-text\">\n                                <h3>M\u00e9xico \/ LATAM<\/h3>\n                                <p>Espa\u00f1ol<\/p>\n                            <\/div>\n                        <\/div>\n                        <svg class=\"arrow-icon\" xmlns=\"http:\/\/www.w3.org\/2000\/svg\" width=\"24\" height=\"24\" viewbox=\"0 0 24 24\" fill=\"none\" stroke=\"currentColor\" stroke-width=\"2\" stroke-linecap=\"round\" stroke-linejoin=\"round\"><path d=\"m9 18 6-6-6-6\"\/><\/svg>\n                    <\/a>\n\n                    <!-- 2. USA (0.1s) -->\n                    <a href=\"https:\/\/praxisneurological.com\/en\/home-en\/\" class=\"lang-card\" style=\"animation-delay: 0.1s;\">\n                        <div class=\"card-info\">\n                            <div class=\"flag-wrapper\">\n                                <img decoding=\"async\" src=\"https:\/\/flagcdn.com\/w80\/us.png\" alt=\"US\" class=\"flag-img\" loading=\"eager\">\n                            <\/div>\n                            <div class=\"card-text\">\n                                <h3>United States<\/h3>\n                                <p>English<\/p>\n                            <\/div>\n                        <\/div>\n                        <svg class=\"arrow-icon\" xmlns=\"http:\/\/www.w3.org\/2000\/svg\" width=\"24\" height=\"24\" viewbox=\"0 0 24 24\" fill=\"none\" stroke=\"currentColor\" stroke-width=\"2\" stroke-linecap=\"round\" stroke-linejoin=\"round\"><path d=\"m9 18 6-6-6-6\"\/><\/svg>\n                    <\/a>\n\n                      <!-- 3. Korea (0.15s) -->\n                      <a href=\"https:\/\/praxisneurological.com\/en\/home-co\/\" class=\"lang-card\" style=\"animation-delay: 0.15s;\">\n                        <div class=\"card-info\">\n                            <div class=\"flag-wrapper\">\n                                <img decoding=\"async\" src=\"https:\/\/flagcdn.com\/w80\/kr.png\" alt=\"KR\" class=\"flag-img\" loading=\"eager\">\n                            <\/div>\n                            <div class=\"card-text\">\n                                <h3>South Korea<\/h3>\n                                <p>\ud55c\uad6d\uc5b4<\/p>\n                            <\/div>\n                        <\/div>\n                        <svg class=\"arrow-icon\" xmlns=\"http:\/\/www.w3.org\/2000\/svg\" width=\"24\" height=\"24\" viewbox=\"0 0 24 24\" fill=\"none\" stroke=\"currentColor\" stroke-width=\"2\" stroke-linecap=\"round\" stroke-linejoin=\"round\"><path d=\"m9 18 6-6-6-6\"\/><\/svg>\n                    <\/a>\n\n                      <!-- 4. Japan (0.2s) -->\n                      <a href=\"https:\/\/praxisneurological.com\/en\/home-jp\/\" class=\"lang-card\" style=\"animation-delay: 0.2s;\">\n                        <div class=\"card-info\">\n                            <div class=\"flag-wrapper\">\n                                <img decoding=\"async\" src=\"https:\/\/flagcdn.com\/w80\/jp.png\" alt=\"JP\" class=\"flag-img\" loading=\"eager\">\n                            <\/div>\n                            <div class=\"card-text\">\n                                <h3>Japan<\/h3>\n                                <p>\u65e5\u672c\u8a9e<\/p>\n                            <\/div>\n                        <\/div>\n                        <svg class=\"arrow-icon\" xmlns=\"http:\/\/www.w3.org\/2000\/svg\" width=\"24\" height=\"24\" viewbox=\"0 0 24 24\" fill=\"none\" stroke=\"currentColor\" stroke-width=\"2\" stroke-linecap=\"round\" stroke-linejoin=\"round\"><path d=\"m9 18 6-6-6-6\"\/><\/svg>\n                    <\/a>\n\n                    <!-- 5. Hong Kong (New) (0.25s) -->\n                    <a href=\"https:\/\/praxisneurological.com\/en\/home-cant\/\" class=\"lang-card\" style=\"animation-delay: 0.25s;\">\n                        <div class=\"card-info\">\n                            <div class=\"flag-wrapper\">\n                                <img decoding=\"async\" src=\"https:\/\/flagcdn.com\/w80\/hk.png\" alt=\"HK\" class=\"flag-img\" loading=\"eager\">\n                            <\/div>\n                            <div class=\"card-text\">\n                                <h3>Hong Kong<\/h3>\n                                <p>\u5ee3\u6771\u8a71<\/p>\n                            <\/div>\n                        <\/div>\n                        <svg class=\"arrow-icon\" xmlns=\"http:\/\/www.w3.org\/2000\/svg\" width=\"24\" height=\"24\" viewbox=\"0 0 24 24\" fill=\"none\" stroke=\"currentColor\" stroke-width=\"2\" stroke-linecap=\"round\" stroke-linejoin=\"round\"><path d=\"m9 18 6-6-6-6\"\/><\/svg>\n                    <\/a>\n\n                <\/div>\n\n                <div class=\"footer-copy\">\n                    \u00a9 2026 Praxis Neurological.\n                <\/div>\n            <\/div>\n        <\/div>\n\n    <\/div>\n\n<\/body>\n<\/html>","protected":false},"excerpt":{"rendered":"<p>Select Region | Praxis Neurological ADVANCED SURGICAL SIMULATION Bienvenido \/ Welcome Select your Region Choose your preferred language. M\u00e9xico \/ LATAM Espa\u00f1ol United States English South Korea \ud55c\uad6d\uc5b4 Japan \u65e5\u672c\u8a9e Hong Kong \u5ee3\u6771\u8a71 \u00a9 2026 Praxis Neurological.<\/p>","protected":false},"author":1,"featured_media":2539,"parent":0,"menu_order":0,"comment_status":"closed","ping_status":"closed","template":"elementor_header_footer","meta":{"_uag_custom_page_level_css":"","site-sidebar-layout":"default","site-content-layout":"","ast-site-content-layout":"default","site-content-style":"default","site-sidebar-style":"default","ast-global-header-display":"","ast-banner-title-visibility":"","ast-main-header-display":"","ast-hfb-above-header-display":"","ast-hfb-below-header-display":"","ast-hfb-mobile-header-display":"","site-post-title":"","ast-breadcrumbs-content":"","ast-featured-img":"","footer-sml-layout":"","theme-transparent-header-meta":"","adv-header-id-meta":"","stick-header-meta":"","header-above-stick-meta":"","header-main-stick-meta":"","header-below-stick-meta":"","astra-migrate-meta-layouts":"set","ast-page-background-enabled":"default","ast-page-background-meta":{"desktop":{"background-color":"","background-image":"","background-repeat":"repeat","background-position":"center center","background-size":"auto","background-attachment":"scroll","background-type":"","background-media":"","overlay-type":"","overlay-color":"","overlay-opacity":"","overlay-gradient":""},"tablet":{"background-color":"","background-image":"","background-repeat":"repeat","background-position":"center center","background-size":"auto","background-attachment":"scroll","background-type":"","background-media":"","overlay-type":"","overlay-color":"","overlay-opacity":"","overlay-gradient":""},"mobile":{"background-color":"","background-image":"","background-repeat":"repeat","background-position":"center center","background-size":"auto","background-attachment":"scroll","background-type":"","background-media":"","overlay-type":"","overlay-color":"","overlay-opacity":"","overlay-gradient":""}},"ast-content-background-meta":{"desktop":{"background-color":"var(--ast-global-color-5)","background-image":"","background-repeat":"repeat","background-position":"center center","background-size":"auto","background-attachment":"scroll","background-type":"","background-media":"","overlay-type":"","overlay-color":"","overlay-opacity":"","overlay-gradient":""},"tablet":{"background-color":"var(--ast-global-color-5)","background-image":"","background-repeat":"repeat","background-position":"center center","background-size":"auto","background-attachment":"scroll","background-type":"","background-media":"","overlay-type":"","overlay-color":"","overlay-opacity":"","overlay-gradient":""},"mobile":{"background-color":"var(--ast-global-color-5)","background-image":"","background-repeat":"repeat","background-position":"center center","background-size":"auto","background-attachment":"scroll","background-type":"","background-media":"","overlay-type":"","overlay-color":"","overlay-opacity":"","overlay-gradient":""}},"footnotes":""},"aioseo_notices":[],"uagb_featured_image_src":{"full":["https:\/\/praxisneurological.com\/wp-content\/uploads\/2026\/01\/Captura-de-pantalla-2026-01-23-a-las-12.51.16\u202fp.m.png",1348,588,false],"thumbnail":["https:\/\/praxisneurological.com\/wp-content\/uploads\/2026\/01\/Captura-de-pantalla-2026-01-23-a-las-12.51.16\u202fp.m-150x150.png",150,150,true],"medium":["https:\/\/praxisneurological.com\/wp-content\/uploads\/2026\/01\/Captura-de-pantalla-2026-01-23-a-las-12.51.16\u202fp.m-300x131.png",300,131,true],"medium_large":["https:\/\/praxisneurological.com\/wp-content\/uploads\/2026\/01\/Captura-de-pantalla-2026-01-23-a-las-12.51.16\u202fp.m-768x335.png",768,335,true],"large":["https:\/\/praxisneurological.com\/wp-content\/uploads\/2026\/01\/Captura-de-pantalla-2026-01-23-a-las-12.51.16\u202fp.m-1024x447.png",1024,447,true],"1536x1536":["https:\/\/praxisneurological.com\/wp-content\/uploads\/2026\/01\/Captura-de-pantalla-2026-01-23-a-las-12.51.16\u202fp.m.png",1348,588,false],"2048x2048":["https:\/\/praxisneurological.com\/wp-content\/uploads\/2026\/01\/Captura-de-pantalla-2026-01-23-a-las-12.51.16\u202fp.m.png",1348,588,false],"trp-custom-language-flag":["https:\/\/praxisneurological.com\/wp-content\/uploads\/2026\/01\/Captura-de-pantalla-2026-01-23-a-las-12.51.16\u202fp.m-18x8.png",18,8,true]},"uagb_author_info":{"display_name":"praxisneurological@gmail.com","author_link":"https:\/\/praxisneurological.com\/en\/author\/praxisneurologicalgmail-com\/"},"uagb_comment_info":0,"uagb_excerpt":"Select Region | Praxis Neurological ADVANCED SURGICAL SIMULATION Bienvenido \/ Welcome Select your Region Choose your preferred language. M\u00e9xico \/ LATAM Espa\u00f1ol United States English South Korea \ud55c\uad6d\uc5b4 Japan \u65e5\u672c\u8a9e Hong Kong \u5ee3\u6771\u8a71 \u00a9 2026 Praxis Neurological.","_links":{"self":[{"href":"https:\/\/praxisneurological.com\/en\/wp-json\/wp\/v2\/pages\/2536"}],"collection":[{"href":"https:\/\/praxisneurological.com\/en\/wp-json\/wp\/v2\/pages"}],"about":[{"href":"https:\/\/praxisneurological.com\/en\/wp-json\/wp\/v2\/types\/page"}],"author":[{"embeddable":true,"href":"https:\/\/praxisneurological.com\/en\/wp-json\/wp\/v2\/users\/1"}],"replies":[{"embeddable":true,"href":"https:\/\/praxisneurological.com\/en\/wp-json\/wp\/v2\/comments?post=2536"}],"version-history":[{"count":12,"href":"https:\/\/praxisneurological.com\/en\/wp-json\/wp\/v2\/pages\/2536\/revisions"}],"predecessor-version":[{"id":2568,"href":"https:\/\/praxisneurological.com\/en\/wp-json\/wp\/v2\/pages\/2536\/revisions\/2568"}],"wp:featuredmedia":[{"embeddable":true,"href":"https:\/\/praxisneurological.com\/en\/wp-json\/wp\/v2\/media\/2539"}],"wp:attachment":[{"href":"https:\/\/praxisneurological.com\/en\/wp-json\/wp\/v2\/media?parent=2536"}],"curies":[{"name":"wp","href":"https:\/\/api.w.org\/{rel}","templated":true}]}}